{"id":21,"date":"2014-09-03T10:45:12","date_gmt":"2014-09-03T09:45:12","guid":{"rendered":"http:\/\/195.154.127.81\/wordpress\/?page_id=21"},"modified":"2023-03-21T13:46:17","modified_gmt":"2023-03-21T12:46:17","slug":"contacts","status":"publish","type":"page","link":"https:\/\/www.trio-l.com\/?page_id=21","title":{"rendered":"Contacts"},"content":{"rendered":"<p style=\"color: #000000;\" align=\"center\"><a href=\"mailto:contact@trio-l.com\">contact@trio-l.com<\/a><\/p>\n<p style=\"color: #000000;\" align=\"center\">Rejoignez-nous sur les r\u00e9seaux:<\/p>\n<p style=\"color: #000000;\" align=\"center\"><a href=\"https:\/\/instagram.com\/trio.l.officiel?igshid=YmMyMTA2M2Y=\"><img loading=\"lazy\" decoding=\"async\" class=\"n3VNCb pT0Scc KAlRDb alignnone\" src=\"https:\/\/www.unipile.com\/wp-content\/uploads\/2022\/09\/logo_instagram.png\" alt=\"Logo Instagram, t\u00e9l\u00e9chargement et histoire\" width=\"105\" height=\"105\" data-noaft=\"1\" \/><\/a><a href=\"https:\/\/www.facebook.com\/pages\/TRIO-L\/131450593601894\"><img loading=\"lazy\" decoding=\"async\" class=\"n3VNCb pT0Scc KAlRDb\" src=\"https:\/\/upload.wikimedia.org\/wikipedia\/commons\/thumb\/c\/cd\/Facebook_logo_%28square%29.png\/800px-Facebook_logo_%28square%29.png\" alt=\"Fichier:Facebook logo (square).png \u2014 Wikip\u00e9dia\" width=\"105\" height=\"105\" data-noaft=\"1\" \/><\/a><\/p>\n<p style=\"color: #000000;\" align=\"center\">R\u00e9alisation du site :\u00a0AC329 Informatique<\/p>\n<p style=\"color: #000000;\" align=\"center\">Cr\u00e9dit Photo: R\u00e9my Perrin<\/p>\n<p style=\"color: #000000;\" align=\"center\">Logo r\u00e9alis\u00e9 par :\u00a0<a href=\"http:\/\/www.guybertholon.com\/\">Guy Bertholon<\/a><\/p>\n","protected":false},"excerpt":{"rendered":"<p>contact@trio-l.com Rejoignez-nous sur les r\u00e9seaux: R\u00e9alisation du site :\u00a0AC329 Informatique Cr\u00e9dit Photo: R\u00e9my Perrin Logo r\u00e9alis\u00e9 par :\u00a0Guy Bertholon<\/p>\n","protected":false},"author":1,"featured_media":0,"parent":0,"menu_order":0,"comment_status":"closed","ping_status":"open","template":"","meta":{"footnotes":""},"_links":{"self":[{"href":"https:\/\/www.trio-l.com\/index.php?rest_route=\/wp\/v2\/pages\/21"}],"collection":[{"href":"https:\/\/www.trio-l.com\/index.php?rest_route=\/wp\/v2\/pages"}],"about":[{"href":"https:\/\/www.trio-l.com\/index.php?rest_route=\/wp\/v2\/types\/page"}],"author":[{"embeddable":true,"href":"https:\/\/www.trio-l.com\/index.php?rest_route=\/wp\/v2\/users\/1"}],"replies":[{"embeddable":true,"href":"https:\/\/www.trio-l.com\/index.php?rest_route=%2Fwp%2Fv2%2Fcomments&post=21"}],"version-history":[{"count":15,"href":"https:\/\/www.trio-l.com\/index.php?rest_route=\/wp\/v2\/pages\/21\/revisions"}],"predecessor-version":[{"id":357,"href":"https:\/\/www.trio-l.com\/index.php?rest_route=\/wp\/v2\/pages\/21\/revisions\/357"}],"wp:attachment":[{"href":"https:\/\/www.trio-l.com\/index.php?rest_route=%2Fwp%2Fv2%2Fmedia&parent=21"}],"curies":[{"name":"wp","href":"https:\/\/api.w.org\/{rel}","templated":true}]}}