{"id":11,"date":"2014-09-03T10:44:05","date_gmt":"2014-09-03T09:44:05","guid":{"rendered":"http:\/\/195.154.127.81\/wordpress\/?page_id=11"},"modified":"2026-03-22T20:04:29","modified_gmt":"2026-03-22T19:04:29","slug":"agenda","status":"publish","type":"page","link":"https:\/\/www.trio-l.com\/?page_id=11","title":{"rendered":"Agenda"},"content":{"rendered":"<p style=\"color: #000000;\" align=\"center\"><strong>Nos concerts \u00e0 venir &#8230;<\/strong><\/p>\n<p style=\"text-align: center;\">17\/05\/26, 11h, Festival du Centre artistique, Pi\u00e9gon (26)<\/p>\n<p style=\"text-align: center;\">11\/07\/26, 20h30, Ch\u00e2teau d&rsquo;Anjou (38)<\/p>\n<p style=\"text-align: center;\">27\/09\/26, 11h, Festival Baroque en Forez, La Passerelle (42)<\/p>\n<p style=\"text-align: center;\">16\/03\/27, 20h, Auditorium de l&rsquo;Universit\u00e9, St Etienne (42)<\/p>\n<div style=\"color: #000000;\" align=\"center\">\n<hr align=\"center\" size=\"2\" width=\"100%\" \/>\n<\/div>\n<p style=\"color: #000000;\" align=\"center\"><strong>Nos pr\u00e9c\u00e9dents concerts &#8230;<\/strong><\/p>\n<p align=\"center\">21\/03\/26, 20h30, Festival Cziffra, Unieux (42)<\/p>\n<p align=\"center\">&#8212;<\/p>\n<p align=\"center\">27\/09\/25, 20h30, Festival Baroque en Forez, Ch\u00e2teau de Goutelas (42)<\/p>\n<p align=\"center\">11\/04\/25, 20h, Auditorium de l&rsquo;Universit\u00e9, St Etienne<\/p>\n<p align=\"center\">08\/02\/25, 19h, Centre artistique, Pi\u00e9gon (26)<\/p>\n<p align=\"center\">&#8212;<\/p>\n<p align=\"center\">01\/12\/24, 17h, Salle Witkowski, Lyon<\/p>\n<p align=\"center\">03\/10\/24, 20h, Festival \u00ab\u00a0Baroque en Forez\u00a0\u00bb<\/p>\n<p align=\"center\">16\/01\/24, 20h30, Auditorium de l&rsquo;Universit\u00e9, St Etienne (42)<\/p>\n<p align=\"center\">14\/01\/24, 17h30, Salle Debussy (CRR), Lyon (69)<\/p>\n<p align=\"center\">&#8212;<\/p>\n<p align=\"center\">18\/11\/23, 18h, Panassa, <em>F\u00eate de la Com\u00e8te<\/em>, St Etienne<\/p>\n<p align=\"center\">21\/10\/23, 19h30, Centre artistique de Pi\u00e9gon (26)<\/p>\n<p align=\"center\">16\/07\/23, 17h, Le Donjon (03), Festival des Monts de la Madeleine<\/p>\n<p align=\"center\">26\/03\/23, 16h, Ch\u00e2teau de Go\u00fbtelas (42)<\/p>\n<p align=\"center\">02\/02\/23, 20h30, Maison de l&rsquo;Universit\u00e9, St Etienne (42)<\/p>\n<p align=\"center\">07\/01\/23, 15h, Salle Witkowski, Lyon (69)<\/p>\n<p align=\"center\">&#8212;<\/p>\n<p align=\"center\">25\/11\/22, Salle Communautaire, Cinais (37), dans le cadre d&rsquo;une r\u00e9sidence \u00e0 la Maison Dutilleux-Joy, Candes St Martin<\/p>\n<p align=\"center\">28\/08\/22, 17h, St Hilaire (03)<em> Festival \u00ab\u00a0Classique en Bocage\u00a0\u00bb<\/em><\/p>\n<p align=\"center\">22\/05\/22, 17h, Eglise de la Terrasse, St Etienne: Triple Concerto et Fantaisie Chorale de Beethoven avec l&rsquo;Ensemble T\u00e9l\u00e9mann et le Choeur Symphonia<\/p>\n<p align=\"center\">21\/05\/22, 15h, Auditorium de la Maison de l&rsquo;Universit\u00e9, St Etienne: avec le t\u00e9nor Yannick Berne<\/p>\n<p align=\"center\">20\/05\/22, 20h30, \u00c9glise de la Terrasse, St \u00c9tienne (42): Triple Concerto de Beethoven<\/p>\n<p align=\"center\">le 18\/03\/22, 19h, Valenton (94)<\/p>\n<p align=\"center\">le 12\/02\/22, 18h, Centre artistique, Pi\u00e9gon (26)<\/p>\n<p align=\"center\">&#8212;<\/p>\n<p align=\"center\">le 21\/10\/21, 20h30,\u00a0<em>La Passerelle,\u00a0<\/em>St-Just-St-Rambert (42)<\/p>\n<p align=\"center\">&#8212;<\/p>\n<p align=\"center\">le 11\/09\/20, 20h30, Saison \u00abEntre en sc\u00e8ne\u00bb, St Bonnet-le-Ch\u00e2teau (42)<\/p>\n<p align=\"center\">&#8212;<\/p>\n<p align=\"center\">le 06\/07\/19, Ch\u00e2teau d&rsquo;Anjou (38)<\/p>\n<p style=\"color: #000000;\" align=\"center\">le 23\/03\/19, 20h30, <em>Festival Cziffra<\/em>, Unieux (42)<\/p>\n<p align=\"center\">&#8212;<\/p>\n<p align=\"center\">le 08\/07\/18, 17h, Festival <em>Classique en Bocage,\u00a0<\/em>Meillers (03)<\/p>\n<p align=\"center\">le 07\/07\/18, 20h30, Ch\u00e2teau d&rsquo;Anjou (38)<\/p>\n<p style=\"color: #000000;\" align=\"center\">le 19\/05\/18, 20h,\u00a0Chapelle St Frambourg, Fondation Cziffra, Senlis (60)<\/p>\n<p style=\"color: #000000;\" align=\"center\">le 17\/04\/18, 18h30, Eglise, Val Thorens (73)<\/p>\n<p style=\"color: #000000;\" align=\"center\">le 25\/03\/18, 17h, <em>Musique \u00e0 St Pierre<\/em>, Hotel-Dieu, St Chamond (42)<\/p>\n<p style=\"color: #000000;\" align=\"center\">le 18\/03\/18, 11h, Th\u00e9\u00e2tre Piccolo de Chalon sur Sa\u00f4ne (71)<\/p>\n<p style=\"color: #000000;\" align=\"center\">le 21\/01\/18, Concert priv\u00e9, Lyon (69)<\/p>\n<p align=\"center\">&#8212;<\/p>\n<p style=\"color: #000000;\" align=\"center\">le 04\/11\/17, 20h, Chapelle St Frambourg, Fondation Cziffra, Senlis (60)<\/p>\n<p style=\"color: #000000;\" align=\"center\">le 07\/10\/17, 11h, maison de Claude Debussy, St Germain-en-Laye (78)<\/p>\n<p style=\"color: #000000;\" align=\"center\">le 12\/07\/17 \u00e0 21h au temple de D\u00e9saignes (07)<\/p>\n<p style=\"color: #000000;\" align=\"center\">le 08\/07\/17 \u00e0 20h30 au Ch\u00e2teau d&rsquo;Anjou (38)<\/p>\n<p style=\"color: #000000;\" align=\"center\">le 25\/06\/17, 11h, Chapelle St Frambourg, Senlis (60)<\/p>\n<p style=\"color: #000000;\" align=\"center\">le 11\/06\/17 \u00e0 18h Association Marie Ja\u00ebll \u00e0 Villeurbanne (69)<\/p>\n<p style=\"color: #000000;\" align=\"center\">&#8212;<\/p>\n<p style=\"color: #000000;\" align=\"center\">le 06\/08\/16 \u00e0 20h30 au Ch\u00e2teau d&rsquo;Anjou (38)<\/p>\n<p style=\"color: #000000;\" align=\"center\">le 23\/04\/16 \u00e0 20h au Reid Hall, \u00ab\u00a0la Muse du Parnasse\u00a0\u00bb, Paris (6e)<\/p>\n<p style=\"color: #000000;\" align=\"center\">le 04\/04\/16 \u00e0 20h, Banque de France, Paris (1e)<\/p>\n<p style=\"color: #000000;\" align=\"center\">le 03\/04\/16 \u00e0 17h30, \u00ab\u00a0S\u00e9r\u00e9nades du dimanche\u00a0\u00bb, St-Etienne (42)<\/p>\n<p style=\"color: #000000;\" align=\"center\">le 05\/01\/16 \u00e0 18h30, Val Thorens (73)<\/p>\n<p style=\"color: #000000;\" align=\"center\">&#8212;<\/p>\n<p style=\"color: #000000;\" align=\"center\">le 12\/08\/15 \u00e0 21h00, Temple de D\u00e9saignes (07)<\/p>\n<p style=\"color: #000000;\" align=\"center\">le 11\/07\/15 \u00e0 20h30, Ch\u00e2teau d&rsquo;Anjou (38)<\/p>\n<p style=\"color: #000000;\" align=\"center\">le 22\/05\/15 \u00e0 20h, Reid Hall, Paris (6e)<\/p>\n<p style=\"color: #000000;\" align=\"center\">le 07\/04\/15 \u00e0 20h30 salle \u00ab\u00a0\u00c0 l&rsquo;improviste\u00a0\u00bb, Lyon (5e)<\/p>\n<p style=\"color: #000000;\" align=\"center\">&#8212;<\/p>\n<p style=\"color: #000000;\" align=\"center\">le 19\/09\/14 \u00e0 20h \u00e0 St Paul en Cornillon (42)<\/p>\n<p style=\"color: #000000;\" align=\"center\">le 17\/08\/14 \u00e0 17h \u00e0 St Nicolas des Biefs (03) \u00ab\u00a0Festival des Monts de la Madeleine\u00a0\u00bb<\/p>\n<p style=\"color: #000000;\" align=\"center\">le 15\/08\/14 \u00e0 20h30 \u00e0 Rocles (03) \u00ab\u00a0Festival Classique en Bocage\u00a0\u00bb<\/p>\n<p style=\"color: #000000;\" align=\"center\">le 27\/07\/14 \u00e0 16h \u00e0 Montarcher (42)<\/p>\n<p style=\"color: #000000;\" align=\"center\">le 26\/07\/14 \u00e0 20h30 au chateau d&rsquo;Anjou (38)<\/p>\n<p style=\"color: #000000;\" align=\"center\">le 23\/07\/14 \u00e0 21h au temple de D\u00e9saignes (07)<\/p>\n<p style=\"color: #000000;\" align=\"center\">du 22 au 26\/05\/14 \u00e0 21h30 sur le b\u00e2teau Tchaikovski, compagnie Rivages du Monde, croisi\u00e8re Mezzo.<\/p>\n<p style=\"color: #000000;\" align=\"center\">le 11\/05\/14 \u00e0 17h \u00e0 Pommiers (42)<\/p>\n<p style=\"color: #000000;\" align=\"center\">&#8212;<\/p>\n<p style=\"color: #000000;\" align=\"center\">le 01\/09\/13 \u00e0 17h \u00e0 Saint Hilaire, Festival\u00a0<em>Classique en Bocage<\/em>\u00a0(03)<\/p>\n<p style=\"color: #000000;\" align=\"center\">le 24\/08\/13 \u00e0 20h30 au Ch\u00e2teau d&rsquo;Anjou (38)<\/p>\n<p style=\"color: #000000;\" align=\"center\">le 23\/08\/13 \u00e0 20h00 \u00e0 l&rsquo;auditorium de Flaine<em>\u00a0<\/em>(74)<\/p>\n<p style=\"color: #000000;\" align=\"center\">le 17\/08\/13 \u00e0 18h \u00e0 Villeneuve l&rsquo;Archev\u00e8que (89)\u00a0<em>Harmonies estivales<\/em><\/p>\n<p style=\"color: #000000;\" align=\"center\">le 11\/08\/13 \u00e0 17h30 \u00e0 l\u2019Abbaye de Charlieu (42)<\/p>\n<p style=\"color: #000000;\" align=\"center\">le 27\/06\/13 \u00e0 10h en salle d&rsquo;orgue au CNSMD de Paris<\/p>\n<p style=\"color: #000000;\" align=\"center\">le 18\/05\/2013 \u00e0 20h00 \u00e0 Saint-Romain les Atheux (42)<\/p>\n<p style=\"color: #000000;\" align=\"center\">le 13\/02\/2013 \u00e0 17h, Korian,<strong><span style=\"font-size: small;\">\u00a0<\/span><\/strong><span style=\"font-size: small;\">64 rue de la F\u00e9d\u00e9ration,\u00a0<\/span>Paris<span style=\"font-size: small;\">\u00a015e<\/span><\/p>\n<p style=\"color: #000000;\" align=\"center\">le 15\/01\/13 \u00e0 17h30, association Valentin Hauy, rue Petit, Paris 19e<\/p>\n<p style=\"color: #000000;\" align=\"center\">le 14\/01\/13 \u00e0 20h au salon de la fondation Michelin, Paris 17e<\/p>\n<p style=\"color: #000000;\" align=\"center\">&#8212;<\/p>\n<p style=\"color: #000000;\" align=\"center\">le 14\/11\/12 \u00e0 19h salle Witkowski \u00e0 Lyon.<\/p>\n<p style=\"color: #000000;\" align=\"center\">le 19\/10\/12 \u00e0 12h15 aux Invalides \u00e0 Paris<\/p>\n<p style=\"color: #000000;\" align=\"center\"><em>Dans le cadre de \u00ab\u00a0la Route des Alpilles\u00a0\u00bb du festival de la Roque d&rsquo;Anth\u00e9ron 2012 :<\/em><\/p>\n<p style=\"color: #000000;\" align=\"center\">(le 15\/08 \u00e0 21h \u00e0 la Roque d&rsquo;Anth\u00e9ron dans le parc du ch\u00e2teau de Florans<\/p>\n<p style=\"color: #000000;\" align=\"center\">le 12\/08 \u00e0 18h St-Martin de Crau<\/p>\n<p style=\"color: #000000;\" align=\"center\">le 11\/08 \u00e0 11h au Plan d&rsquo;Orgon<\/p>\n<p style=\"color: #000000;\" align=\"center\">le 07\/08 \u00e0 St R\u00e9my de Provence<\/p>\n<p style=\"color: #000000;\" align=\"center\">le 06\/08 place de la Major de Marseille)<\/p>\n<p style=\"color: #000000;\" align=\"center\">le 21\/05\/12 au Mus\u00e9e de la Marine \u00e0 18h, Paris<\/p>\n<p style=\"color: #000000;\" align=\"center\">le 02\/05\/12 \u00e0 l\u2019\u00e9cole des Arts-D\u00e9co, Paris 5e<\/p>\n<p style=\"color: #000000;\" align=\"center\">le 19\/04\/12 \u00e0 19h, espace Maurice Fleuret, CNSMD, Paris<\/p>\n<p style=\"color: #000000;\" align=\"center\">le 27\/02\/12 \u00e0 11h, salle Joseph Haydn, Hochschule, Vienne (Autriche)<\/p>\n<p style=\"color: #000000;\" align=\"center\">le 16\/02\/12 \u00e0 12h30, salle d&rsquo;Ensemble, CNSMD, Lyon<\/p>\n<p style=\"color: #000000;\" align=\"center\">le 17\/01\/12 \u00e0 20h30 au Th\u00e9\u00e2tre A. Dumas de St Germain en Laye<\/p>\n<p style=\"color: #000000;\" align=\"center\">&#8212;<\/p>\n<p style=\"color: #000000;\" align=\"center\">le 21\/09\/11 \u00e0 10h, Frimurerlogen, Trondheim (Norv\u00e8ge)<\/p>\n<p style=\"color: #000000;\" align=\"center\">le 16\/09\/11 \u00e0 20h, Kammermusiksaal, Hochschule de Wurzburg (Allemagne)<\/p>\n<p style=\"color: #000000;\" align=\"center\">le 13\/07\/11 \u00e0 20h30, Chabeuil, festival \u00ab\u00a0Sao\u00f9 chante Mozart\u00a0\u00bb (26)<\/p>\n<p style=\"color: #000000;\" align=\"center\">le 20\/04\/11, salle Var\u00e8se, CNSMD, Lyon<\/p>\n<p style=\"color: #000000;\" align=\"center\">le 14\/04\/11 \u00e0 20h30, salle Var\u00e8se, CNSMD, Lyon<\/p>\n<p style=\"color: #000000;\" align=\"center\">le 15\/03\/11 \u00e0 12h30, salle Dutilleux, ENS, Lyon<\/p>\n<p style=\"color: #000000;\" align=\"center\">le 03\/03\/11 \u00e0 14h, Salle Var\u00e8se, CNSMD, Lyon<\/p>\n<p style=\"color: #000000;\" align=\"center\">le 20\/01\/11 \u00e0 12h30, Auditorium Andr\u00e9 Malraux, Lyon 8e<\/p>\n<p style=\"color: #000000;\" align=\"center\">&#8212;<\/p>\n<p style=\"color: #000000;\" align=\"center\">le 31\/10\/10 \u00e0 17h, \u00e9glise de Leigneux (42)<\/p>\n<p style=\"color: #000000;\" align=\"center\">le 13\/10\/10 \u00e0 20h30, salle Var\u00e8se, CNSMD de Lyon<\/p>\n<p style=\"color: #000000;\" align=\"center\">le 30\/07\/10 \u00e0 20h30, salle Pallas, Paladru (38)<\/p>\n<p style=\"color: #000000;\" align=\"center\">02\/02\/10 \u00e0 20h30, salle Moli\u00e8re \u00e0 Lyon<\/p>\n<p style=\"color: #000000;\" align=\"center\">le 22\/01\/10 \u00e0 20h30 Auditorium Cochereau \u00e0 St-Etienne<\/p>\n","protected":false},"excerpt":{"rendered":"<p>Nos concerts \u00e0 venir &#8230; 17\/05\/26, 11h, Festival du Centre artistique, Pi\u00e9gon (26) 11\/07\/26, 20h30, Ch\u00e2teau d&rsquo;Anjou (38) 27\/09\/26, 11h, Festival Baroque en Forez, La Passerelle (42) 16\/03\/27, 20h, Auditorium de l&rsquo;Universit\u00e9, St Etienne (42) Nos pr\u00e9c\u00e9dents concerts &#8230; 21\/03\/26, 20h30, Festival Cziffra, Unieux (42) &#8212; 27\/09\/25, 20h30, Festival Baroque en Forez, Ch\u00e2teau de Goutelas [&hellip;]<\/p>\n","protected":false},"author":1,"featured_media":0,"parent":0,"menu_order":0,"comment_status":"closed","ping_status":"open","template":"","meta":{"footnotes":""},"_links":{"self":[{"href":"https:\/\/www.trio-l.com\/index.php?rest_route=\/wp\/v2\/pages\/11"}],"collection":[{"href":"https:\/\/www.trio-l.com\/index.php?rest_route=\/wp\/v2\/pages"}],"about":[{"href":"https:\/\/www.trio-l.com\/index.php?rest_route=\/wp\/v2\/types\/page"}],"author":[{"embeddable":true,"href":"https:\/\/www.trio-l.com\/index.php?rest_route=\/wp\/v2\/users\/1"}],"replies":[{"embeddable":true,"href":"https:\/\/www.trio-l.com\/index.php?rest_route=%2Fwp%2Fv2%2Fcomments&post=11"}],"version-history":[{"count":130,"href":"https:\/\/www.trio-l.com\/index.php?rest_route=\/wp\/v2\/pages\/11\/revisions"}],"predecessor-version":[{"id":425,"href":"https:\/\/www.trio-l.com\/index.php?rest_route=\/wp\/v2\/pages\/11\/revisions\/425"}],"wp:attachment":[{"href":"https:\/\/www.trio-l.com\/index.php?rest_route=%2Fwp%2Fv2%2Fmedia&parent=11"}],"curies":[{"name":"wp","href":"https:\/\/api.w.org\/{rel}","templated":true}]}}